{"id":11,"date":"2022-10-11T19:28:24","date_gmt":"2022-10-11T17:28:24","guid":{"rendered":"https:\/\/andreashaecker.de\/wpa\/?page_id=11"},"modified":"2024-02-06T22:16:34","modified_gmt":"2024-02-06T21:16:34","slug":"angebote","status":"publish","type":"page","link":"https:\/\/andreashaecker.de\/wpa\/angebote\/","title":{"rendered":"Angebot"},"content":{"rendered":"\n<div class=\"wp-block-cover alignfull is-light\" style=\"min-height:50px;aspect-ratio:unset;\"><span aria-hidden=\"true\" class=\"wp-block-cover__background has-background-dim-0 has-background-dim\"><\/span><img loading=\"lazy\" decoding=\"async\" width=\"1920\" height=\"1329\" class=\"wp-block-cover__image-background wp-image-218\" alt=\"\" src=\"https:\/\/andreashaecker.de\/wpa\/wp-content\/uploads\/2022\/10\/grafik-3.png\" data-object-fit=\"cover\" srcset=\"https:\/\/andreashaecker.de\/wpa\/wp-content\/uploads\/2022\/10\/grafik-3.png 1920w, https:\/\/andreashaecker.de\/wpa\/wp-content\/uploads\/2022\/10\/grafik-3-300x208.png 300w, https:\/\/andreashaecker.de\/wpa\/wp-content\/uploads\/2022\/10\/grafik-3-1024x709.png 1024w, https:\/\/andreashaecker.de\/wpa\/wp-content\/uploads\/2022\/10\/grafik-3-768x532.png 768w, https:\/\/andreashaecker.de\/wpa\/wp-content\/uploads\/2022\/10\/grafik-3-1536x1063.png 1536w\" sizes=\"auto, (max-width: 1920px) 100vw, 1920px\" \/><div class=\"wp-block-cover__inner-container is-layout-flow wp-block-cover-is-layout-flow\">\n<div class=\"wp-block-group is-layout-flow wp-block-group-is-layout-flow\">\n<h4 class=\"has-text-align-center wp-block-heading\">achtsam leben \/ Kurse und Fortbildungen<\/h4>\n<\/div>\n<\/div><\/div>\n\n\n\n<div style=\"height:30px\" aria-hidden=\"true\" class=\"wp-block-spacer\"><\/div>\n\n\n\n<div class=\"wp-block-group is-layout-constrained wp-block-group-is-layout-constrained\"><h2 class=\"wp-block-post-title\">Angebot<\/h2><\/div>\n\n\n\n<div style=\"height:30px\" aria-hidden=\"true\" class=\"wp-block-spacer\"><\/div>\n\n\n\n<div style=\"height:10px\" aria-hidden=\"true\" class=\"wp-block-spacer\"><\/div>\n\n\n\n<div class=\"wp-block-group is-layout-constrained wp-block-group-is-layout-constrained\">\n<p class=\"has-medium-font-size\" style=\"font-style:italic;font-weight:400\">Ich biete Achtsamkeitskurse in Form von ein- oder zweit\u00e4gigen Fortbildungen an. Die Zahl der Teilnehmenden liegt in der Regel zwischen 6 und 12. <\/p>\n\n\n\n<p><\/p>\n\n\n\n<p class=\"has-background-background-color has-background\" style=\"font-size:1.4rem;font-style:italic;font-weight:300\">Kontaktieren Sie mich gerne, um das f\u00fcr Sie passende Format f\u00fcr eine Fortbildung zu finden. <\/p>\n<\/div>\n\n\n\n<p class=\"has-medium-font-size\" style=\"font-style:normal;font-weight:400\">Konkrete Inhalte sind u.a.:<\/p>\n\n\n\n<div style=\"height:30px\" aria-hidden=\"true\" class=\"wp-block-spacer\"><\/div>\n\n\n\n<ul class=\"wp-block-list\">\n<li>Reflexion \u00fcber den Umgang mit Stress<\/li>\n\n\n\n<li>Planspiele mit L\u00f6sungsstrategien<\/li>\n\n\n\n<li>Kurze angeleitete Meditations\u00fcbungen<\/li>\n\n\n\n<li>Atem\u00fcbungen<\/li>\n\n\n\n<li>BodyScan \/ K\u00f6rperwahrnehmung<\/li>\n\n\n\n<li>Leichte Bewegungs\u00fcbungen<\/li>\n<\/ul>\n\n\n\n<p class=\"has-medium-font-size\" style=\"font-style:normal;font-weight:400\"><br>Die Teilnehmenden bekommen in der Fortbildung wirksame <strong>Methoden zur Umsetzung des Erlernten im Alltag<\/strong> an die Hand.<\/p>\n\n\n\n<p class=\"has-medium-font-size\" style=\"font-style:normal;font-weight:400\"><br>Diese sind z.B.:<\/p>\n\n\n\n<div style=\"height:30px\" aria-hidden=\"true\" class=\"wp-block-spacer\"><\/div>\n\n\n\n<ul class=\"wp-block-list\">\n<li>Das Achtsamkeitsbuch<\/li>\n\n\n\n<li>Tagebuch der Dankbarkeit<\/li>\n\n\n\n<li>Anker der Achtsamkeit im Alltag<\/li>\n\n\n\n<li>Weitere Coaching- und Fortbildungsm\u00f6glichkeiten<\/li>\n<\/ul>\n\n\n\n<p class=\"has-medium-font-size\" style=\"font-style:normal;font-weight:400\"><br>Die Teilnehmenden erhalten ein Skript zum Thema \u201eStressbew\u00e4ltigung durch Achtsamkeit\u201c, welches die Beschreibungen der erlernten<br>\u00dcbungen und weitere Anregungen f\u00fcr das Verinnerlichen von Achtsamkeit im Alltag enth\u00e4lt.<br>Vorkenntnisse sind dabei nicht notwendig, die Inhalte werden individuell auf die Teilnehmenden abgestimmt.<\/p>\n\n\n\n<div style=\"height:43px\" aria-hidden=\"true\" class=\"wp-block-spacer\"><\/div>\n\n\n\n<blockquote class=\"wp-block-quote is-layout-flow wp-block-quote-is-layout-flow\">\n<p>Unser K\u00f6rper ist biologisch auf beides, Stress und Ruhe, vorbereitet. Die Frage ist, ob wir im Alltag eine Balance finden.<\/p>\n<cite>aus dem Skript zum Thema &#8222;Stressbew\u00e4ltigung durch Achtsamkeit&#8220;<\/cite><\/blockquote>\n\n\n\n<div style=\"height:50px\" aria-hidden=\"true\" class=\"wp-block-spacer\"><\/div>\n\n\n\n<figure class=\"wp-block-image aligncenter is-resized has-custom-border is-style-rounded\"><img decoding=\"async\" src=\"https:\/\/andreashaecker.de\/wpa\/wp-content\/uploads\/2023\/07\/Screenshot_20230711-191354-e1689959009598.png\" alt=\"\" class=\"has-border-color wp-image-628\" style=\"border-color:#b7deed;border-width:7px;border-radius:29px\" width=\"437\" srcset=\"https:\/\/andreashaecker.de\/wpa\/wp-content\/uploads\/2023\/07\/Screenshot_20230711-191354-e1689959009598.png 705w, https:\/\/andreashaecker.de\/wpa\/wp-content\/uploads\/2023\/07\/Screenshot_20230711-191354-e1689959009598-230x300.png 230w\" sizes=\"(max-width: 705px) 100vw, 705px\" \/><\/figure>\n","protected":false},"excerpt":{"rendered":"<p>Ich biete Achtsamkeitskurse in Form von ein- oder zweit\u00e4gigen Fortbildungen an. Die Zahl der Teilnehmenden liegt in der Regel zwischen 6 und 12. Kontaktieren Sie mich gerne, um das f\u00fcr Sie passende Format f\u00fcr eine Fortbildung zu finden. Konkrete Inhalte sind u.a.: Die Teilnehmenden bekommen in der Fortbildung wirksame Methoden zur Umsetzung des Erlernten im [&hellip;]<\/p>\n","protected":false},"author":3,"featured_media":0,"parent":0,"menu_order":0,"comment_status":"closed","ping_status":"closed","template":"inv","meta":{"footnotes":""},"class_list":["post-11","page","type-page","status-publish","hentry"],"_links":{"self":[{"href":"https:\/\/andreashaecker.de\/wpa\/wp-json\/wp\/v2\/pages\/11","targetHints":{"allow":["GET"]}}],"collection":[{"href":"https:\/\/andreashaecker.de\/wpa\/wp-json\/wp\/v2\/pages"}],"about":[{"href":"https:\/\/andreashaecker.de\/wpa\/wp-json\/wp\/v2\/types\/page"}],"author":[{"embeddable":true,"href":"https:\/\/andreashaecker.de\/wpa\/wp-json\/wp\/v2\/users\/3"}],"replies":[{"embeddable":true,"href":"https:\/\/andreashaecker.de\/wpa\/wp-json\/wp\/v2\/comments?post=11"}],"version-history":[{"count":37,"href":"https:\/\/andreashaecker.de\/wpa\/wp-json\/wp\/v2\/pages\/11\/revisions"}],"predecessor-version":[{"id":642,"href":"https:\/\/andreashaecker.de\/wpa\/wp-json\/wp\/v2\/pages\/11\/revisions\/642"}],"wp:attachment":[{"href":"https:\/\/andreashaecker.de\/wpa\/wp-json\/wp\/v2\/media?parent=11"}],"curies":[{"name":"wp","href":"https:\/\/api.w.org\/{rel}","templated":true}]}}