{"id":447,"date":"2022-10-15T19:23:25","date_gmt":"2022-10-15T17:23:25","guid":{"rendered":"https:\/\/andreashaecker.de\/wpa\/?page_id=447"},"modified":"2024-02-06T22:18:05","modified_gmt":"2024-02-06T21:18:05","slug":"impressum","status":"publish","type":"page","link":"https:\/\/andreashaecker.de\/wpa\/impressum\/","title":{"rendered":"Impressum"},"content":{"rendered":"\n<div class=\"wp-block-cover alignfull is-light\" style=\"min-height:50px;aspect-ratio:unset;\"><span aria-hidden=\"true\" class=\"wp-block-cover__background has-background-dim-0 has-background-dim\"><\/span><img loading=\"lazy\" decoding=\"async\" width=\"1920\" height=\"1329\" class=\"wp-block-cover__image-background wp-image-218\" alt=\"\" src=\"https:\/\/andreashaecker.de\/wpa\/wp-content\/uploads\/2022\/10\/grafik-3.png\" data-object-fit=\"cover\" srcset=\"https:\/\/andreashaecker.de\/wpa\/wp-content\/uploads\/2022\/10\/grafik-3.png 1920w, https:\/\/andreashaecker.de\/wpa\/wp-content\/uploads\/2022\/10\/grafik-3-300x208.png 300w, https:\/\/andreashaecker.de\/wpa\/wp-content\/uploads\/2022\/10\/grafik-3-1024x709.png 1024w, https:\/\/andreashaecker.de\/wpa\/wp-content\/uploads\/2022\/10\/grafik-3-768x532.png 768w, https:\/\/andreashaecker.de\/wpa\/wp-content\/uploads\/2022\/10\/grafik-3-1536x1063.png 1536w\" sizes=\"auto, (max-width: 1920px) 100vw, 1920px\" \/><div class=\"wp-block-cover__inner-container is-layout-flow wp-block-cover-is-layout-flow\">\n<div class=\"wp-block-group is-layout-flow wp-block-group-is-layout-flow\">\n<h4 class=\"has-text-align-center wp-block-heading\">achtsam leben \/ Kurse und Fortbildungen<\/h4>\n<\/div>\n<\/div><\/div>\n\n\n\n<div style=\"height:30px\" aria-hidden=\"true\" class=\"wp-block-spacer\"><\/div>\n\n\n\n<h5 class=\"wp-block-heading\">Angaben gem\u00e4\u00df \u00a7 5 TMG<\/h5>\n\n\n\n<p class=\"has-small-font-size\">Andreas H\u00e4cker<br>Wasserturmstr. 42<br>69214 Eppelheim<\/p>\n\n\n\n<div style=\"height:14px\" aria-hidden=\"true\" class=\"wp-block-spacer\"><\/div>\n\n\n\n<h5 class=\"wp-block-heading\">Kontakt<\/h5>\n\n\n\n<p><\/p>\n\n\n\n<p class=\"has-small-font-size\">Telefon: +49 (0) 176 57 69 7908<\/p>\n\n\n\n<p class=\"has-small-font-size\">E-Mail: <img decoding=\"async\" src=\"https:\/\/diogenes-beratung.de\/wp-home\/wp-content\/uploads\/2021\/03\/mail.png\" alt=\"email\"><\/p>\n\n\n\n<div style=\"height:14px\" aria-hidden=\"true\" class=\"wp-block-spacer\"><\/div>\n\n\n\n<h5 class=\"wp-block-heading\">Umsatzsteuer-ID<\/h5>\n\n\n\n<p class=\"has-small-font-size\">Umsatzsteuer-Identifikationsnummer gem\u00e4\u00df \u00a7 27 a Umsatzsteuergesetz:<br>52 970 846 184<\/p>\n\n\n\n<p class=\"has-small-font-size\">Finanzamt Heidelberg<\/p>\n\n\n\n<div style=\"height:14px\" aria-hidden=\"true\" class=\"wp-block-spacer\"><\/div>\n\n\n\n<h5 class=\"wp-block-heading\">Redaktionell Verantwortlicher<\/h5>\n\n\n\n<p class=\"has-small-font-size\">Andreas H\u00e4cker<br>Wasserturmstr. 42<br>69214 Eppelheim<\/p>\n\n\n\n<div style=\"height:14px\" aria-hidden=\"true\" class=\"wp-block-spacer\"><\/div>\n\n\n\n<h5 class=\"wp-block-heading\">Haftung f\u00fcr Inhalte<\/h5>\n\n\n\n<p class=\"has-small-font-size\">Als Diensteanbieter sind wir gem\u00e4\u00df \u00a7 7 Abs.1 TMG f\u00fcr eigene Inhalte auf diesen Seiten nach den allgemeinen Gesetzen verantwortlich. Nach \u00a7\u00a7 8 bis 10 TMG sind wir als Diensteanbieter jedoch nicht verpflichtet, \u00fcbermittelte oder gespeicherte fremde Informationen zu \u00fcberwachen oder nach Umst\u00e4nden zu forschen, die auf eine rechtswidrige T\u00e4tigkeit hinweisen. Verpflichtungen zur Entfernung oder Sperrung der Nutzung von Informationen nach den allgemeinen Gesetzen bleiben hiervon unber\u00fchrt. Eine diesbez\u00fcgliche Haftung ist jedoch erst ab dem Zeitpunkt der Kenntnis einer konkreten Rechtsverletzung m\u00f6glich. Bei Bekanntwerden von entsprechenden Rechtsverletzungen werden wir diese Inhalte umgehend entfernen.<\/p>\n\n\n\n<div style=\"height:14px\" aria-hidden=\"true\" class=\"wp-block-spacer\"><\/div>\n\n\n\n<h5 class=\"wp-block-heading\">Haftung f\u00fcr Links<\/h5>\n\n\n\n<p class=\"has-small-font-size\" id=\"block-2ddbf2d5-1a4b-456f-8461-7c05725c4d63\">Unser Angebot enth\u00e4lt Links zu externen Websites Dritter, auf deren Inhalte wir keinen Einfluss haben. Deshalb k\u00f6nnen wir f\u00fcr diese fremden Inhalte auch keine Gew\u00e4hr \u00fcbernehmen. F\u00fcr die Inhalte der verlinkten Seiten ist stets der jeweilige Anbieter oder Betreiber der Seiten verantwortlich. Die verlinkten Seiten wurden zum Zeitpunkt der Verlinkung auf m\u00f6gliche Rechtsverst\u00f6\u00dfe \u00fcberpr\u00fcft. Rechtswidrige Inhalte waren zum Zeitpunkt der Verlinkung nicht erkennbar. Eine permanente inhaltliche Kontrolle der verlinkten Seiten ist jedoch ohne konkrete Anhaltspunkte einer Rechtsverletzung nicht zumutbar. Bei Bekanntwerden von Rechtsverletzungen werden wir derartige Links umgehend entfernen.<\/p>\n\n\n\n<div style=\"height:14px\" aria-hidden=\"true\" class=\"wp-block-spacer\"><\/div>\n\n\n\n<h5 class=\"wp-block-heading\">Urheberrecht<\/h5>\n\n\n\n<p class=\"has-small-font-size\" id=\"block-595f1cb2-2198-488f-87ae-bb386b439579\">Die durch die Seitenbetreiber erstellten Inhalte und Werke auf diesen Seiten unterliegen dem deutschen Urheberrecht. Die Vervielf\u00e4ltigung, Bearbeitung, Verbreitung und jede Art der Verwertung au\u00dferhalb der Grenzen des Urheberrechtes bed\u00fcrfen der schriftlichen Zustimmung des jeweiligen Autors bzw. Erstellers. Downloads und Kopien dieser Seite sind nur f\u00fcr den privaten, nicht kommerziellen Gebrauch gestattet. Soweit die Inhalte auf dieser Seite nicht vom Betreiber erstellt wurden, werden die Urheberrechte Dritter beachtet. Insbesondere werden Inhalte Dritter als solche gekennzeichnet. Sollten Sie trotzdem auf eine Urheberrechtsverletzung aufmerksam werden, bitten wir um einen entsprechenden Hinweis. Bei Bekanntwerden von Rechtsverletzungen werden wir derartige Inhalte umgehend entfernen.<\/p>\n","protected":false},"excerpt":{"rendered":"<p>Angaben gem\u00e4\u00df \u00a7 5 TMG Andreas H\u00e4ckerWasserturmstr. 4269214 Eppelheim Kontakt Telefon: +49 (0) 176 57 69 7908 E-Mail: Umsatzsteuer-ID Umsatzsteuer-Identifikationsnummer gem\u00e4\u00df \u00a7 27 a Umsatzsteuergesetz:52 970 846 184 Finanzamt Heidelberg Redaktionell Verantwortlicher Andreas H\u00e4ckerWasserturmstr. 4269214 Eppelheim Haftung f\u00fcr Inhalte Als Diensteanbieter sind wir gem\u00e4\u00df \u00a7 7 Abs.1 TMG f\u00fcr eigene Inhalte auf diesen Seiten nach [&hellip;]<\/p>\n","protected":false},"author":3,"featured_media":0,"parent":0,"menu_order":0,"comment_status":"closed","ping_status":"closed","template":"inv","meta":{"footnotes":""},"class_list":["post-447","page","type-page","status-publish","hentry"],"_links":{"self":[{"href":"https:\/\/andreashaecker.de\/wpa\/wp-json\/wp\/v2\/pages\/447","targetHints":{"allow":["GET"]}}],"collection":[{"href":"https:\/\/andreashaecker.de\/wpa\/wp-json\/wp\/v2\/pages"}],"about":[{"href":"https:\/\/andreashaecker.de\/wpa\/wp-json\/wp\/v2\/types\/page"}],"author":[{"embeddable":true,"href":"https:\/\/andreashaecker.de\/wpa\/wp-json\/wp\/v2\/users\/3"}],"replies":[{"embeddable":true,"href":"https:\/\/andreashaecker.de\/wpa\/wp-json\/wp\/v2\/comments?post=447"}],"version-history":[{"count":7,"href":"https:\/\/andreashaecker.de\/wpa\/wp-json\/wp\/v2\/pages\/447\/revisions"}],"predecessor-version":[{"id":538,"href":"https:\/\/andreashaecker.de\/wpa\/wp-json\/wp\/v2\/pages\/447\/revisions\/538"}],"wp:attachment":[{"href":"https:\/\/andreashaecker.de\/wpa\/wp-json\/wp\/v2\/media?parent=447"}],"curies":[{"name":"wp","href":"https:\/\/api.w.org\/{rel}","templated":true}]}}